{"id":4998,"date":"2026-01-13T14:10:32","date_gmt":"2026-01-13T13:10:32","guid":{"rendered":"https:\/\/yt.arianeyoga.ch\/?page_id=4998"},"modified":"2026-01-28T11:36:19","modified_gmt":"2026-01-28T10:36:19","slug":"retreats","status":"publish","type":"page","link":"https:\/\/yt.arianeyoga.ch\/index.php\/retreats\/","title":{"rendered":"Retreats"},"content":{"rendered":"<div class=\"et_pb_section_0 et_pb_section et_section_regular et_block_section\"><\/div>\n\n<div class=\"et_pb_section_1 et_pb_section et_section_regular et_flex_section\">\n<div class=\"et_pb_row_0 et_pb_row et_flex_row\">\n<div class=\"et_pb_column_0 et_pb_column et-last-child et_flex_column et_pb_css_mix_blend_mode_passthrough et_flex_column_24_24\">\n<div class=\"et_pb_text_0 et_pb_text et_pb_bg_layout_dark et_pb_module et_block_module\"><div class=\"et_pb_text_inner\" data-et-mv-hidden-phone=\"true\"><h1>Retreats<\/h1>\n<\/div><\/div>\n<\/div>\n<\/div>\n<\/div>\n\n<div class=\"et_pb_section_2 et_pb_section et_section_regular et_block_section\">\n<div class=\"et_pb_row_1 et_pb_row et_flex_row\">\n<div class=\"et_pb_column_1 et_pb_column et_flex_column et_pb_css_mix_blend_mode_passthrough et_flex_column_2_5 et_flex_column_24_24_phone\">\n<div class=\"et_pb_image_0 et_pb_image et_pb_module et_flex_module\"><a href=\"https:\/\/arianeyoga.ch\/schwarzwald-retreat-2026\/\"><span class=\"et_pb_image_wrap\"><img loading=\"lazy\" decoding=\"async\" src=\"https:\/\/yt.arianeyoga.ch\/wp-content\/uploads\/2026\/01\/Bruderhof_Luftbild-Blick-nach-Norden-1-1.jpg\" title=\"Bruderhof_Luftbild-Blick-nach-Norden-1\" width=\"674\" height=\"674\" srcset=\"https:\/\/yt.arianeyoga.ch\/wp-content\/uploads\/2026\/01\/Bruderhof_Luftbild-Blick-nach-Norden-1-1.jpg 674w, https:\/\/yt.arianeyoga.ch\/wp-content\/uploads\/2026\/01\/Bruderhof_Luftbild-Blick-nach-Norden-1-1-480x480.jpg 480w\" sizes=\"(min-width: 0px) and (max-width: 480px) 480px, (min-width: 481px) 674px, 100vw\" class=\"wp-image-5158\" \/><\/span><\/a><\/div>\n<\/div>\n\n<div class=\"et_pb_column_2 et_pb_column et-last-child et_flex_column et_pb_css_mix_blend_mode_passthrough et_flex_column_3_5 et_flex_column_24_24_phone\">\n<div class=\"et_pb_text_1 et_pb_text et_pb_bg_layout_light et_pb_module et_flex_module\"><div class=\"et_pb_text_inner\"><h4 class=\"et_pb_module_header\" data-et-vb-editable-element=\"true\" contenteditable=\"true\">Fr\u00fchlings-Retreat im Schwarzwald mit Ariane<\/h4>\n<\/div><\/div>\n\n<div class=\"et_pb_text_2 et_pb_text et_pb_bg_layout_light et_pb_module et_flex_module\"><div class=\"et_pb_text_inner\"><h4 class=\"et_pb_module_header\" data-et-vb-editable-element=\"true\" contenteditable=\"true\"><span><strong>Freitag, 20. bis Sonntag, 22. M\u00e4rz 2026<\/strong><\/span><\/h4>\n<\/div><\/div>\n\n<div class=\"et_pb_text_3 et_pb_text et_pb_bg_layout_light et_pb_module et_flex_module\"><div class=\"et_pb_text_inner\"><p class=\"p1\">Im Herzen des Schwarzwaldes, im \u00e4ltesten Biosph\u00e4rengebiet der Region und umgeben von unber\u00fchrter Natur, liegt der wundersch\u00f6ne Bruderhof \u2013 ein besonderer Ort der Ruhe und Entspannung.<\/p>\n<\/div><\/div>\n\n<div class=\"et_pb_module et_pb_button_module_wrapper et_pb_button_0_wrapper\"><a class=\"et_pb_button_0 et_pb_button et_pb_bg_layout_dark et_pb_module et_block_module\" href=\"https:\/\/arianeyoga.ch\/schwarzwald-retreat-2026\/\" target=\"_blank\">Infos &amp; Anmeldung<\/a><\/div>\n<\/div>\n<\/div>\n\n<div class=\"et_pb_row_2 et_pb_row et_flex_row\">\n<div class=\"et_pb_column_3 et_pb_column et-last-child et_flex_column et_pb_css_mix_blend_mode_passthrough et_flex_column_24_24\">\n<div class=\"et_pb_divider_0 et_pb_divider et_pb_space et_pb_divider_position_top et_pb_module\"><div class=\"et_pb_divider_internal\"><\/div><\/div>\n<\/div>\n<\/div>\n\n<div class=\"et_pb_row_3 et_pb_row et_flex_row\">\n<div class=\"et_pb_column_4 et_pb_column et_flex_column et_pb_css_mix_blend_mode_passthrough et_flex_column_2_5 et_flex_column_24_24_phone\">\n<div class=\"et_pb_image_1 et_pb_image et_pb_module et_flex_module\"><span class=\"et_pb_image_wrap\"><img loading=\"lazy\" decoding=\"async\" src=\"https:\/\/yt.arianeyoga.ch\/wp-content\/uploads\/2026\/01\/Sutra_House_2023-0337-m.webp\" title=\"Sutra_House_2023-0337-m\" width=\"1376\" height=\"1376\" srcset=\"https:\/\/yt.arianeyoga.ch\/wp-content\/uploads\/2026\/01\/Sutra_House_2023-0337-m.webp 1376w, https:\/\/yt.arianeyoga.ch\/wp-content\/uploads\/2026\/01\/Sutra_House_2023-0337-m-1280x1280.webp 1280w, https:\/\/yt.arianeyoga.ch\/wp-content\/uploads\/2026\/01\/Sutra_House_2023-0337-m-980x980.webp 980w, https:\/\/yt.arianeyoga.ch\/wp-content\/uploads\/2026\/01\/Sutra_House_2023-0337-m-480x480.webp 480w\" sizes=\"(min-width: 0px) and (max-width: 480px) 480px, (min-width: 481px) and (max-width: 980px) 980px, (min-width: 981px) and (max-width: 1280px) 1280px, (min-width: 1281px) 1376px, 100vw\" class=\"wp-image-5161\" \/><\/span><\/div>\n<\/div>\n\n<div class=\"et_pb_column_5 et_pb_column et-last-child et_flex_column et_pb_css_mix_blend_mode_passthrough et_flex_column_3_5 et_flex_column_24_24_phone\">\n<div class=\"et_pb_text_4 et_pb_text et_pb_bg_layout_light et_pb_module et_flex_module\"><div class=\"et_pb_text_inner\"><h4 class=\"et_pb_module_header\" data-et-vb-editable-element=\"true\" contenteditable=\"true\">Sommer-Retreat in Basel mit Catherine<\/h4>\n<\/div><\/div>\n\n<div class=\"et_pb_text_5 et_pb_text et_pb_bg_layout_light et_pb_module et_flex_module\"><div class=\"et_pb_text_inner\"><h4 class=\"et_pb_module_header\" data-et-vb-editable-element=\"true\" contenteditable=\"true\"><span><strong>Donnerstag, 12. bis Sonntag, 14. Juni 2026<\/strong><br \/><\/span><\/h4>\n<\/div><\/div>\n\n<div class=\"et_pb_text_6 et_pb_text et_pb_bg_layout_light et_pb_module et_flex_module\"><div class=\"et_pb_text_inner\"><p>Im Herzen des Schwarzwaldes, im \u00e4ltesten Biosph\u00e4rengebiet der Region und umgeben von unber\u00fchrter Natur, liegt der wundersch\u00f6ne Bruderhof \u2013 ein besonderer Ort der Ruhe und Entspannung.<\/p>\n<\/div><\/div>\n\n<div class=\"et_pb_module et_pb_button_module_wrapper et_pb_button_1_wrapper\"><a class=\"et_pb_button_1 et_pb_button et_pb_bg_layout_dark et_pb_module et_block_module\" href=\"mailto:%20hello@yotree.ch\" target=\"_blank\">Infos &amp; Anmeldung<\/a><\/div>\n<\/div>\n<\/div>\n\n<div class=\"et_pb_row_4 et_pb_row et_flex_row\">\n<div class=\"et_pb_column_6 et_pb_column et-last-child et_flex_column et_pb_css_mix_blend_mode_passthrough et_flex_column_24_24\">\n<div class=\"et_pb_divider_1 et_pb_divider et_pb_space et_pb_divider_position_top et_pb_module\"><div class=\"et_pb_divider_internal\"><\/div><\/div>\n<\/div>\n<\/div>\n\n<div class=\"et_pb_row_5 et_pb_row et_flex_row\">\n<div class=\"et_pb_column_7 et_pb_column et_flex_column et_pb_css_mix_blend_mode_passthrough et_flex_column_2_5 et_flex_column_24_24_phone\">\n<div class=\"et_pb_image_2 et_pb_image et_pb_module et_flex_module\"><a href=\"https:\/\/arianeyoga.ch\/arianeyoga-yoga-retreat-jivamuktiyoga-portugal-retreat-2026\/\"><span class=\"et_pb_image_wrap\"><img loading=\"lazy\" decoding=\"async\" src=\"https:\/\/yt.arianeyoga.ch\/wp-content\/uploads\/2026\/01\/Portugal_Quadrat.jpg\" title=\"Portugal_Quadrat\" width=\"1536\" height=\"1536\" srcset=\"https:\/\/yt.arianeyoga.ch\/wp-content\/uploads\/2026\/01\/Portugal_Quadrat.jpg 1536w, https:\/\/yt.arianeyoga.ch\/wp-content\/uploads\/2026\/01\/Portugal_Quadrat-1280x1280.jpg 1280w, https:\/\/yt.arianeyoga.ch\/wp-content\/uploads\/2026\/01\/Portugal_Quadrat-980x980.jpg 980w, https:\/\/yt.arianeyoga.ch\/wp-content\/uploads\/2026\/01\/Portugal_Quadrat-480x480.jpg 480w\" sizes=\"(min-width: 0px) and (max-width: 480px) 480px, (min-width: 481px) and (max-width: 980px) 980px, (min-width: 981px) and (max-width: 1280px) 1280px, (min-width: 1281px) 1536px, 100vw\" class=\"wp-image-5159\" \/><\/span><\/a><\/div>\n<\/div>\n\n<div class=\"et_pb_column_8 et_pb_column et-last-child et_flex_column et_pb_css_mix_blend_mode_passthrough et_flex_column_3_5 et_flex_column_24_24_phone\">\n<div class=\"et_pb_text_7 et_pb_text et_pb_bg_layout_light et_pb_module et_flex_module\"><div class=\"et_pb_text_inner\"><h4 class=\"et_pb_module_header\" data-et-vb-editable-element=\"true\" contenteditable=\"true\">Earth &amp; Sky Retreat in Portugal mit Ariane<\/h4>\n<\/div><\/div>\n\n<div class=\"et_pb_text_8 et_pb_text et_pb_bg_layout_light et_pb_module et_flex_module\"><div class=\"et_pb_text_inner\"><h4 class=\"et_pb_module_header\" data-et-vb-editable-element=\"true\" contenteditable=\"true\"><span><strong>Samstag, 22. bis Samstag, 29. August 2026<\/strong><br \/><\/span><\/h4>\n<\/div><\/div>\n\n<div class=\"et_pb_text_9 et_pb_text et_pb_bg_layout_light et_pb_module et_flex_module\"><div class=\"et_pb_text_inner\"><p class=\"p1\">G\u00f6nn dir eine ganze Woche, fern vom Alltag am sch\u00f6nsten Ort, den wir uns vorstellen k\u00f6nnen, dem Bodhi Bhavan!\u00a0Unser Retreat-Zuhause mit einer fantastischer Aussicht und wunderbaren Natur-Stimmungen, verf\u00fcgt \u00fcber eine starke Energie und ist ein perfekter Platz f\u00fcr R\u00fcckzug, innere Einkehr, Stille, Transformation, Auftanken und Erholung.<\/p>\n<\/div><\/div>\n\n<div class=\"et_pb_module et_pb_button_module_wrapper et_pb_button_2_wrapper\"><a class=\"et_pb_button_2 et_pb_button et_pb_bg_layout_dark et_pb_module et_block_module\" href=\"https:\/\/arianeyoga.ch\/arianeyoga-yoga-retreat-jivamuktiyoga-portugal-retreat-2026\/\" target=\"_blank\">Infos &amp; Anmeldung<\/a><\/div>\n<\/div>\n<\/div>\n<\/div>\n\n<div class=\"et_pb_section_3 et_pb_section et_section_regular et_block_section\">\n<div class=\"et_pb_row_6 et_pb_row et_pb_gutters3 et_block_row\">\n<div class=\"et_pb_column_9 et_pb_column et_pb_column_4_4 et-last-child et_block_column et_pb_css_mix_blend_mode_passthrough\">\n<div class=\"et_pb_text_10 et_pb_text et_pb_bg_layout_light et_pb_module et_flex_module\"><div class=\"et_pb_text_inner\"><h4 class=\"et_pb_module_header\" data-et-vb-editable-element=\"true\" contenteditable=\"true\">Bedingungen<\/h4>\n<\/div><\/div>\n\n<div class=\"et_pb_text_11 et_pb_text et_pb_bg_layout_light et_pb_module et_flex_module\"><div class=\"et_pb_text_inner\"><p>F\u00fcr jedes Retreat gelten individuelle Teilnahme- und Stornierungsbedingungen, die Bestandteil der Buchungsbest\u00e4tigung sind. Du findest alle Angaben bei der Anmeldung des jeweiligen Retreats.<\/p>\n<\/div><\/div>\n<\/div>\n<\/div>\n<\/div>","protected":false},"excerpt":{"rendered":"","protected":false},"author":2,"featured_media":0,"parent":0,"menu_order":0,"comment_status":"closed","ping_status":"closed","template":"","meta":{"footnotes":""},"class_list":["post-4998","page","type-page","status-publish","hentry"],"_links":{"self":[{"href":"https:\/\/yt.arianeyoga.ch\/index.php\/wp-json\/wp\/v2\/pages\/4998","targetHints":{"allow":["GET"]}}],"collection":[{"href":"https:\/\/yt.arianeyoga.ch\/index.php\/wp-json\/wp\/v2\/pages"}],"about":[{"href":"https:\/\/yt.arianeyoga.ch\/index.php\/wp-json\/wp\/v2\/types\/page"}],"author":[{"embeddable":true,"href":"https:\/\/yt.arianeyoga.ch\/index.php\/wp-json\/wp\/v2\/users\/2"}],"replies":[{"embeddable":true,"href":"https:\/\/yt.arianeyoga.ch\/index.php\/wp-json\/wp\/v2\/comments?post=4998"}],"version-history":[{"count":25,"href":"https:\/\/yt.arianeyoga.ch\/index.php\/wp-json\/wp\/v2\/pages\/4998\/revisions"}],"predecessor-version":[{"id":5312,"href":"https:\/\/yt.arianeyoga.ch\/index.php\/wp-json\/wp\/v2\/pages\/4998\/revisions\/5312"}],"wp:attachment":[{"href":"https:\/\/yt.arianeyoga.ch\/index.php\/wp-json\/wp\/v2\/media?parent=4998"}],"curies":[{"name":"wp","href":"https:\/\/api.w.org\/{rel}","templated":true}]}}