{"id":4936,"date":"2026-01-12T17:00:58","date_gmt":"2026-01-12T16:00:58","guid":{"rendered":"https:\/\/yt.arianeyoga.ch\/?page_id=4936"},"modified":"2026-01-28T09:52:20","modified_gmt":"2026-01-28T08:52:20","slug":"blog","status":"publish","type":"page","link":"https:\/\/yt.arianeyoga.ch\/index.php\/blog\/","title":{"rendered":"Blog"},"content":{"rendered":"<div class=\"et_pb_section_0 et_pb_section et_section_regular et_block_section\"><\/div>\n\n<div class=\"et_pb_section_1 et_pb_section et_section_regular et_flex_section\">\n<div class=\"et_pb_row_0 et_pb_row et_flex_row\">\n<div class=\"et_pb_column_0 et_pb_column et-last-child et_flex_column et_pb_css_mix_blend_mode_passthrough et_flex_column_24_24\">\n<div class=\"et_pb_text_0 et_pb_text et_pb_bg_layout_dark et_pb_module et_block_module\"><div class=\"et_pb_text_inner\" data-et-mv-hidden-phone=\"true\"><h1>Blog<\/h1>\n<\/div><\/div>\n<\/div>\n<\/div>\n<\/div>\n\n<div class=\"et_pb_section_2 et_pb_section et_section_regular et_block_section\">\n<div class=\"et_pb_row_1 et_pb_row et_flex_row\">\n<div class=\"et_pb_column_1 et_pb_column et-last-child et_flex_column et_pb_css_mix_blend_mode_passthrough et_flex_column_24_24\">\n<div class=\"et_pb_blog_0 et_pb_blog et_pb_bg_layout_light et_pb_posts et_pb_module\"><div class=\"et_pb_ajax_pagination_container\"><div class=\"et_pb_posts et_grid_module\"><article class=\"et_pb_post et_pb_post_id_5031 clearfix et_pb_blog_item_0_0 post-5031 post type-post status-publish format-standard has-post-thumbnail hentry category-allgemein\"><div class=\"et_pb_image_container\"><a href=\"https:\/\/yt.arianeyoga.ch\/index.php\/2025\/12\/29\/erster-blog-beitrag\/\" class=\"entry-featured-image-url\"><img loading=\"lazy\" decoding=\"async\" src=\"https:\/\/yt.arianeyoga.ch\/wp-content\/uploads\/2026\/01\/11062b_15d504dc57a44ed09e857946c1b8fe3bmv2-scaled.webp\" width=\"400\" height=\"284\" alt=\"Yotree \u2013 Ein Jahresabschluss zwischen Dankbarkeit, Wandel und Neubeginn\" class=\"\" srcset=\"https:\/\/yt.arianeyoga.ch\/wp-content\/uploads\/2026\/01\/11062b_15d504dc57a44ed09e857946c1b8fe3bmv2-scaled.webp 479w, https:\/\/yt.arianeyoga.ch\/wp-content\/uploads\/2026\/01\/11062b_15d504dc57a44ed09e857946c1b8fe3bmv2-400x284.webp 480w\" sizes=\"(max-width:479px) 479px, 100vw\" \/><span data-icon=\"\ue050\" class=\"et_overlay et_pb_inline_icon\"><\/span><\/a><\/div><h2 class=\"entry-title\"><a href=\"https:\/\/yt.arianeyoga.ch\/index.php\/2025\/12\/29\/erster-blog-beitrag\/\">Yotree \u2013 Ein Jahresabschluss zwischen Dankbarkeit, Wandel und Neubeginn<\/a><\/h2><p class=\"post-meta\">by <span class=\"author vcard\"><a href=\"https:\/\/yt.arianeyoga.ch\/index.php\/author\/admin4yotree\/\" title=\"Posts by admin4yotree\" rel=\"author\">admin4yotree<\/a><\/span> | <span class=\"published\">Dez. 29, 2025<\/span> | <span class=\"entry-categories\"><a href=\"https:\/\/yt.arianeyoga.ch\/index.php\/category\/allgemein\/\" rel=\"tag\">Allgemein<\/a><\/span><\/p><div class=\"post-content\"><div class=\"post-content-inner\"><p>Wenn das Jahr sich seinem Ende zuneigt, wird es stiller. Die Tage sind kurz, die N\u00e4chte lang, und etwas in uns beginnt ebenfalls, langsamer zu werden. Es ist die Zeit der R\u00fcckschau, der leisen Fragen \u2013 und manchmal auch der sanften Antworten. Bei YOTREE darf genau das&#8230;<\/p>\n<\/div><a href=\"https:\/\/yt.arianeyoga.ch\/index.php\/2025\/12\/29\/erster-blog-beitrag\/\" class=\"more-link\">Read More<\/a><\/div><\/article><article class=\"et_pb_post et_pb_post_id_5119 clearfix et_pb_blog_item_0_1 post-5119 post type-post status-publish format-standard has-post-thumbnail hentry category-allgemein\"><div class=\"et_pb_image_container\"><a href=\"https:\/\/yt.arianeyoga.ch\/index.php\/2025\/12\/04\/osteoporose-in-den-wechseljahren-was-frauen-wissen-sollten-und-wie-sie-stark-bleiben-koennen\/\" class=\"entry-featured-image-url\"><img loading=\"lazy\" decoding=\"async\" src=\"https:\/\/yt.arianeyoga.ch\/wp-content\/uploads\/2026\/01\/Bildschirmfoto-2026-01-14-um-11.43.27.png\" width=\"400\" height=\"284\" alt=\"Osteoporose in den Wechseljahren: Was Frauen wissen sollten \u2013 und wie Sie stark bleiben k\u00f6nnen\" class=\"\" srcset=\"https:\/\/yt.arianeyoga.ch\/wp-content\/uploads\/2026\/01\/Bildschirmfoto-2026-01-14-um-11.43.27.png 479w, https:\/\/yt.arianeyoga.ch\/wp-content\/uploads\/2026\/01\/Bildschirmfoto-2026-01-14-um-11.43.27-400x284.png 480w\" sizes=\"(max-width:479px) 479px, 100vw\" \/><span data-icon=\"\ue050\" class=\"et_overlay et_pb_inline_icon\"><\/span><\/a><\/div><h2 class=\"entry-title\"><a href=\"https:\/\/yt.arianeyoga.ch\/index.php\/2025\/12\/04\/osteoporose-in-den-wechseljahren-was-frauen-wissen-sollten-und-wie-sie-stark-bleiben-koennen\/\">Osteoporose in den Wechseljahren: Was Frauen wissen sollten \u2013 und wie Sie stark bleiben k\u00f6nnen<\/a><\/h2><p class=\"post-meta\">by <span class=\"author vcard\"><a href=\"https:\/\/yt.arianeyoga.ch\/index.php\/author\/admin4yotree\/\" title=\"Posts by admin4yotree\" rel=\"author\">admin4yotree<\/a><\/span> | <span class=\"published\">Dez. 4, 2025<\/span> | <span class=\"entry-categories\"><a href=\"https:\/\/yt.arianeyoga.ch\/index.php\/category\/allgemein\/\" rel=\"tag\">Allgemein<\/a><\/span><\/p><div class=\"post-content\"><div class=\"post-content-inner\"><p>Liebe Leserin \/ Yoginis Die Wechseljahre sind eine Phase voller Ver\u00e4nderungen \u2013 k\u00f6rperlich, emotional und hormonell. Eine der weniger sichtbaren, aber besonders wichtigen Ver\u00e4nderungen betrifft deine Knochen. Der nat\u00fcrliche R\u00fcckgang des Hormons \u00d6strogen, das eine&#8230;<\/p>\n<\/div><a href=\"https:\/\/yt.arianeyoga.ch\/index.php\/2025\/12\/04\/osteoporose-in-den-wechseljahren-was-frauen-wissen-sollten-und-wie-sie-stark-bleiben-koennen\/\" class=\"more-link\">Read More<\/a><\/div><\/article><article class=\"et_pb_post et_pb_post_id_5123 clearfix et_pb_blog_item_0_2 post-5123 post type-post status-publish format-standard has-post-thumbnail hentry category-allgemein\"><div class=\"et_pb_image_container\"><a href=\"https:\/\/yt.arianeyoga.ch\/index.php\/2025\/12\/02\/sich-erden-zur-innenschau-finden-und-weihnachten-mit-yoga-vorbereiten\/\" class=\"entry-featured-image-url\"><img loading=\"lazy\" decoding=\"async\" src=\"https:\/\/yt.arianeyoga.ch\/wp-content\/uploads\/2026\/01\/dd7e03deffdd4267b75ef0a60d8510c7-scaled.webp\" width=\"400\" height=\"284\" alt=\"Sich erden, zur Innenschau finden und Weihnachten mit Yoga vorbereiten\" class=\"\" srcset=\"https:\/\/yt.arianeyoga.ch\/wp-content\/uploads\/2026\/01\/dd7e03deffdd4267b75ef0a60d8510c7-scaled.webp 479w, https:\/\/yt.arianeyoga.ch\/wp-content\/uploads\/2026\/01\/dd7e03deffdd4267b75ef0a60d8510c7-400x284.webp 480w\" sizes=\"(max-width:479px) 479px, 100vw\" \/><span data-icon=\"\ue050\" class=\"et_overlay et_pb_inline_icon\"><\/span><\/a><\/div><h2 class=\"entry-title\"><a href=\"https:\/\/yt.arianeyoga.ch\/index.php\/2025\/12\/02\/sich-erden-zur-innenschau-finden-und-weihnachten-mit-yoga-vorbereiten\/\">Sich erden, zur Innenschau finden und Weihnachten mit Yoga vorbereiten<\/a><\/h2><p class=\"post-meta\">by <span class=\"author vcard\"><a href=\"https:\/\/yt.arianeyoga.ch\/index.php\/author\/admin4yotree\/\" title=\"Posts by admin4yotree\" rel=\"author\">admin4yotree<\/a><\/span> | <span class=\"published\">Dez. 2, 2025<\/span> | <span class=\"entry-categories\"><a href=\"https:\/\/yt.arianeyoga.ch\/index.php\/category\/allgemein\/\" rel=\"tag\">Allgemein<\/a><\/span><\/p><div class=\"post-content\"><div class=\"post-content-inner\"><p>Die Vorweihnachtszeit ist eine magische Zeit, aber auch eine, die uns oft fordert. Zwischen Geschenkideen, Terminen und der Sehnsucht nach Besinnlichkeit ist es leicht, den Boden unter den F\u00fcssen zu verlieren. Vielleicht sp\u00fcrst du das auch? Yoga kann dir helfen, in&#8230;<\/p>\n<\/div><a href=\"https:\/\/yt.arianeyoga.ch\/index.php\/2025\/12\/02\/sich-erden-zur-innenschau-finden-und-weihnachten-mit-yoga-vorbereiten\/\" class=\"more-link\">Read More<\/a><\/div><\/article><article class=\"et_pb_post et_pb_post_id_5048 clearfix et_pb_blog_item_0_3 post-5048 post type-post status-publish format-standard has-post-thumbnail hentry category-allgemein\"><div class=\"et_pb_image_container\"><a href=\"https:\/\/yt.arianeyoga.ch\/index.php\/2025\/11\/17\/wenn-der-koerper-leiser-wird-und-ploetzlich-lauter-spricht-von-nora-ermatinger\/\" class=\"entry-featured-image-url\"><img loading=\"lazy\" decoding=\"async\" src=\"https:\/\/yt.arianeyoga.ch\/wp-content\/uploads\/2026\/01\/27a3da_02a540dae53c4b98a22bd524acabd08amv2.jpg\" width=\"400\" height=\"284\" alt=\"Wenn der K\u00f6rper leiser wird \u2013 und pl\u00f6tzlich lauter spricht von Nora Ermatinger\" class=\"\" srcset=\"https:\/\/yt.arianeyoga.ch\/wp-content\/uploads\/2026\/01\/27a3da_02a540dae53c4b98a22bd524acabd08amv2.jpg 479w, https:\/\/yt.arianeyoga.ch\/wp-content\/uploads\/2026\/01\/27a3da_02a540dae53c4b98a22bd524acabd08amv2-400x284.jpg 480w\" sizes=\"(max-width:479px) 479px, 100vw\" \/><span data-icon=\"\ue050\" class=\"et_overlay et_pb_inline_icon\"><\/span><\/a><\/div><h2 class=\"entry-title\"><a href=\"https:\/\/yt.arianeyoga.ch\/index.php\/2025\/11\/17\/wenn-der-koerper-leiser-wird-und-ploetzlich-lauter-spricht-von-nora-ermatinger\/\">Wenn der K\u00f6rper leiser wird \u2013 und pl\u00f6tzlich lauter spricht von Nora Ermatinger<\/a><\/h2><p class=\"post-meta\">by <span class=\"author vcard\"><a href=\"https:\/\/yt.arianeyoga.ch\/index.php\/author\/admin4yotree\/\" title=\"Posts by admin4yotree\" rel=\"author\">admin4yotree<\/a><\/span> | <span class=\"published\">Nov. 17, 2025<\/span> | <span class=\"entry-categories\"><a href=\"https:\/\/yt.arianeyoga.ch\/index.php\/category\/allgemein\/\" rel=\"tag\">Allgemein<\/a><\/span><\/p><div class=\"post-content\"><div class=\"post-content-inner\"><p>Vielleicht kennst du das aus deiner Yogapraxis: Du rollst deine Matte aus, kommst in die erste Asana \u2013 und pl\u00f6tzlich wird dein Atem flach. Oder deine Schultern wollen einfach nicht loslassen, obwohl die \u00dcbung sanft ist. Manchmal steigt auch eine Emotion hoch, die du&#8230;<\/p>\n<\/div><a href=\"https:\/\/yt.arianeyoga.ch\/index.php\/2025\/11\/17\/wenn-der-koerper-leiser-wird-und-ploetzlich-lauter-spricht-von-nora-ermatinger\/\" class=\"more-link\">Read More<\/a><\/div><\/article><article class=\"et_pb_post et_pb_post_id_5057 clearfix et_pb_blog_item_0_4 post-5057 post type-post status-publish format-standard has-post-thumbnail hentry category-allgemein\"><div class=\"et_pb_image_container\"><a href=\"https:\/\/yt.arianeyoga.ch\/index.php\/2025\/11\/04\/teil-2-das-gesunde-ego\/\" class=\"entry-featured-image-url\"><img loading=\"lazy\" decoding=\"async\" src=\"https:\/\/yt.arianeyoga.ch\/wp-content\/uploads\/2026\/01\/11062b_1fa99edfb520455996c9fe54ff15df44mv2-3-scaled.webp\" width=\"400\" height=\"284\" alt=\"Teil 2 \u2013 Das gesunde Ego\" class=\"\" srcset=\"https:\/\/yt.arianeyoga.ch\/wp-content\/uploads\/2026\/01\/11062b_1fa99edfb520455996c9fe54ff15df44mv2-3-scaled.webp 479w, https:\/\/yt.arianeyoga.ch\/wp-content\/uploads\/2026\/01\/11062b_1fa99edfb520455996c9fe54ff15df44mv2-3-400x284.webp 480w\" sizes=\"(max-width:479px) 479px, 100vw\" \/><span data-icon=\"\ue050\" class=\"et_overlay et_pb_inline_icon\"><\/span><\/a><\/div><h2 class=\"entry-title\"><a href=\"https:\/\/yt.arianeyoga.ch\/index.php\/2025\/11\/04\/teil-2-das-gesunde-ego\/\">Teil 2 \u2013 Das gesunde Ego<\/a><\/h2><p class=\"post-meta\">by <span class=\"author vcard\"><a href=\"https:\/\/yt.arianeyoga.ch\/index.php\/author\/admin4yotree\/\" title=\"Posts by admin4yotree\" rel=\"author\">admin4yotree<\/a><\/span> | <span class=\"published\">Nov. 4, 2025<\/span> | <span class=\"entry-categories\"><a href=\"https:\/\/yt.arianeyoga.ch\/index.php\/category\/allgemein\/\" rel=\"tag\">Allgemein<\/a><\/span><\/p><div class=\"post-content\"><div class=\"post-content-inner\"><p>Vor ein paar Jahren dachte ich \u201eWenn ich spirituell werde, muss das Ego weg.\u201c Heute weiss ich, Ohne gesundes Ego geht gar nichts. Was ist ein gesundes Ego? Ein gesundes Ego ist wie ein guter Freund, still, klar, zuverl\u00e4ssig. Es weiss, wer es ist und muss es niemandem&#8230;<\/p>\n<\/div><a href=\"https:\/\/yt.arianeyoga.ch\/index.php\/2025\/11\/04\/teil-2-das-gesunde-ego\/\" class=\"more-link\">Read More<\/a><\/div><\/article><article class=\"et_pb_post et_pb_post_id_5063 clearfix et_pb_blog_item_0_5 post-5063 post type-post status-publish format-standard has-post-thumbnail hentry category-allgemein\"><div class=\"et_pb_image_container\"><a href=\"https:\/\/yt.arianeyoga.ch\/index.php\/2025\/09\/29\/teil-1-was-ist-das-ego\/\" class=\"entry-featured-image-url\"><img loading=\"lazy\" decoding=\"async\" src=\"https:\/\/yt.arianeyoga.ch\/wp-content\/uploads\/2026\/01\/11062b_1598d7d53ed34a8b8f02ddba46778775mv2-scaled.webp\" width=\"400\" height=\"284\" alt=\"Teil 1 \u2013 Was ist das EGO?\" class=\"\" srcset=\"https:\/\/yt.arianeyoga.ch\/wp-content\/uploads\/2026\/01\/11062b_1598d7d53ed34a8b8f02ddba46778775mv2-scaled.webp 479w, https:\/\/yt.arianeyoga.ch\/wp-content\/uploads\/2026\/01\/11062b_1598d7d53ed34a8b8f02ddba46778775mv2-400x284.webp 480w\" sizes=\"(max-width:479px) 479px, 100vw\" \/><span data-icon=\"\ue050\" class=\"et_overlay et_pb_inline_icon\"><\/span><\/a><\/div><h2 class=\"entry-title\"><a href=\"https:\/\/yt.arianeyoga.ch\/index.php\/2025\/09\/29\/teil-1-was-ist-das-ego\/\">Teil 1 \u2013 Was ist das EGO?<\/a><\/h2><p class=\"post-meta\">by <span class=\"author vcard\"><a href=\"https:\/\/yt.arianeyoga.ch\/index.php\/author\/admin4yotree\/\" title=\"Posts by admin4yotree\" rel=\"author\">admin4yotree<\/a><\/span> | <span class=\"published\">Sep. 29, 2025<\/span> | <span class=\"entry-categories\"><a href=\"https:\/\/yt.arianeyoga.ch\/index.php\/category\/allgemein\/\" rel=\"tag\">Allgemein<\/a><\/span><\/p><div class=\"post-content\"><div class=\"post-content-inner\"><p>EGO \u2013 Freund, Feind oder Wegweiser? Neulich im Caf\u00e9. Ich will eigentlich in Ruhe meinen Cappuccino trinken, doch mein Kopf kommentiert: \u201eWarum sitzt du alleine? Sieht das komisch aus? Die anderen wirken viel entspannter. Was die wohl \u00fcber ich denken \u2026\u201c Kennst du diese&#8230;<\/p>\n<\/div><a href=\"https:\/\/yt.arianeyoga.ch\/index.php\/2025\/09\/29\/teil-1-was-ist-das-ego\/\" class=\"more-link\">Read More<\/a><\/div><\/article><article class=\"et_pb_post et_pb_post_id_5067 clearfix et_pb_blog_item_0_6 post-5067 post type-post status-publish format-standard has-post-thumbnail hentry category-allgemein\"><div class=\"et_pb_image_container\"><a href=\"https:\/\/yt.arianeyoga.ch\/index.php\/2025\/09\/14\/herbst-im-zyklus-warum-rueckzug-kein-stillstand-ist\/\" class=\"entry-featured-image-url\"><img loading=\"lazy\" decoding=\"async\" src=\"https:\/\/yt.arianeyoga.ch\/wp-content\/uploads\/2026\/01\/1dbedccd6c2c41fd93bcdec961ae78a7-scaled.webp\" width=\"400\" height=\"284\" alt=\"Herbst im Zyklus \u2013 warum R\u00fcckzug kein Stillstand ist\" class=\"\" srcset=\"https:\/\/yt.arianeyoga.ch\/wp-content\/uploads\/2026\/01\/1dbedccd6c2c41fd93bcdec961ae78a7-scaled.webp 479w, https:\/\/yt.arianeyoga.ch\/wp-content\/uploads\/2026\/01\/1dbedccd6c2c41fd93bcdec961ae78a7-400x284.webp 480w\" sizes=\"(max-width:479px) 479px, 100vw\" \/><span data-icon=\"\ue050\" class=\"et_overlay et_pb_inline_icon\"><\/span><\/a><\/div><h2 class=\"entry-title\"><a href=\"https:\/\/yt.arianeyoga.ch\/index.php\/2025\/09\/14\/herbst-im-zyklus-warum-rueckzug-kein-stillstand-ist\/\">Herbst im Zyklus \u2013 warum R\u00fcckzug kein Stillstand ist<\/a><\/h2><p class=\"post-meta\">by <span class=\"author vcard\"><a href=\"https:\/\/yt.arianeyoga.ch\/index.php\/author\/admin4yotree\/\" title=\"Posts by admin4yotree\" rel=\"author\">admin4yotree<\/a><\/span> | <span class=\"published\">Sep. 14, 2025<\/span> | <span class=\"entry-categories\"><a href=\"https:\/\/yt.arianeyoga.ch\/index.php\/category\/allgemein\/\" rel=\"tag\">Allgemein<\/a><\/span><\/p><div class=\"post-content\"><div class=\"post-content-inner\"><p>Kurz vor der Periode f\u00fchlt sich alles anders an. Statt dagegen anzuk\u00e4mpfen, d\u00fcrfen wir diesen inneren Herbst bewusst leben \u2013 mit Ruhe, sanftem Yoga und liebevollem Blick auf uns selbst. Erfahre, wie R\u00fcckzug Kraft schenken kann. Vielleicht kennst du das: Kurz vor der&#8230;<\/p>\n<\/div><a href=\"https:\/\/yt.arianeyoga.ch\/index.php\/2025\/09\/14\/herbst-im-zyklus-warum-rueckzug-kein-stillstand-ist\/\" class=\"more-link\">Read More<\/a><\/div><\/article><article class=\"et_pb_post et_pb_post_id_5072 clearfix et_pb_blog_item_0_7 post-5072 post type-post status-publish format-standard has-post-thumbnail hentry category-allgemein\"><div class=\"et_pb_image_container\"><a href=\"https:\/\/yt.arianeyoga.ch\/index.php\/2025\/06\/15\/sommeryoga-weibliche-zyklen-in-der-fuelle-verweilen\/\" class=\"entry-featured-image-url\"><img loading=\"lazy\" decoding=\"async\" src=\"https:\/\/yt.arianeyoga.ch\/wp-content\/uploads\/2026\/01\/27a3da_dee49a2c53ef4cdd8992160f0251d54emv2.webp\" width=\"400\" height=\"284\" alt=\"Sommeryoga &amp; weibliche Zyklen: In der F\u00fclle verweilen\" class=\"\" srcset=\"https:\/\/yt.arianeyoga.ch\/wp-content\/uploads\/2026\/01\/27a3da_dee49a2c53ef4cdd8992160f0251d54emv2.webp 479w, https:\/\/yt.arianeyoga.ch\/wp-content\/uploads\/2026\/01\/27a3da_dee49a2c53ef4cdd8992160f0251d54emv2-400x284.webp 480w\" sizes=\"(max-width:479px) 479px, 100vw\" \/><span data-icon=\"\ue050\" class=\"et_overlay et_pb_inline_icon\"><\/span><\/a><\/div><h2 class=\"entry-title\"><a href=\"https:\/\/yt.arianeyoga.ch\/index.php\/2025\/06\/15\/sommeryoga-weibliche-zyklen-in-der-fuelle-verweilen\/\">Sommeryoga &amp; weibliche Zyklen: In der F\u00fclle verweilen<\/a><\/h2><p class=\"post-meta\">by <span class=\"author vcard\"><a href=\"https:\/\/yt.arianeyoga.ch\/index.php\/author\/admin4yotree\/\" title=\"Posts by admin4yotree\" rel=\"author\">admin4yotree<\/a><\/span> | <span class=\"published\">Juni 15, 2025<\/span> | <span class=\"entry-categories\"><a href=\"https:\/\/yt.arianeyoga.ch\/index.php\/category\/allgemein\/\" rel=\"tag\">Allgemein<\/a><\/span><\/p><div class=\"post-content\"><div class=\"post-content-inner\"><p>Der Sommer ist F\u00fclle \u2013 Aussen wie Innen. In der Natur zeigt sich jetzt alles in Bl\u00fcte, im \u00dcberfluss, in voller Lebenskraft. Und genauso erleben viele Frauen diesen Abschnitt auch in ihrem Zyklus: die Ovulationsphase \u2013 unser innerer Sommer. Jetzt sind wir oft&#8230;<\/p>\n<\/div><a href=\"https:\/\/yt.arianeyoga.ch\/index.php\/2025\/06\/15\/sommeryoga-weibliche-zyklen-in-der-fuelle-verweilen\/\" class=\"more-link\">Read More<\/a><\/div><\/article><article class=\"et_pb_post et_pb_post_id_5076 clearfix et_pb_blog_item_0_8 post-5076 post type-post status-publish format-standard has-post-thumbnail hentry category-allgemein\"><div class=\"et_pb_image_container\"><a href=\"https:\/\/yt.arianeyoga.ch\/index.php\/2025\/05\/07\/bei-sich-bleiben-trotz-aller-umstaende\/\" class=\"entry-featured-image-url\"><img loading=\"lazy\" decoding=\"async\" src=\"https:\/\/yt.arianeyoga.ch\/wp-content\/uploads\/2026\/01\/7295010377d4469f8c0249d56817e6fa-scaled.webp\" width=\"400\" height=\"284\" alt=\"Bei sich bleiben \u2013 trotz aller Umst\u00e4nde\" class=\"\" srcset=\"https:\/\/yt.arianeyoga.ch\/wp-content\/uploads\/2026\/01\/7295010377d4469f8c0249d56817e6fa-scaled.webp 479w, https:\/\/yt.arianeyoga.ch\/wp-content\/uploads\/2026\/01\/7295010377d4469f8c0249d56817e6fa-400x284.webp 480w\" sizes=\"(max-width:479px) 479px, 100vw\" \/><span data-icon=\"\ue050\" class=\"et_overlay et_pb_inline_icon\"><\/span><\/a><\/div><h2 class=\"entry-title\"><a href=\"https:\/\/yt.arianeyoga.ch\/index.php\/2025\/05\/07\/bei-sich-bleiben-trotz-aller-umstaende\/\">Bei sich bleiben \u2013 trotz aller Umst\u00e4nde<\/a><\/h2><p class=\"post-meta\">by <span class=\"author vcard\"><a href=\"https:\/\/yt.arianeyoga.ch\/index.php\/author\/admin4yotree\/\" title=\"Posts by admin4yotree\" rel=\"author\">admin4yotree<\/a><\/span> | <span class=\"published\">Mai 7, 2025<\/span> | <span class=\"entry-categories\"><a href=\"https:\/\/yt.arianeyoga.ch\/index.php\/category\/allgemein\/\" rel=\"tag\">Allgemein<\/a><\/span><\/p><div class=\"post-content\"><div class=\"post-content-inner\"><p>In einer Welt, die sich st\u00e4ndig ver\u00e4ndert, in der Herausforderungen, Meinungen und \u00e4ussere Reize t\u00e4glich auf uns einwirken, ist eine Qualit\u00e4t besonders wertvoll: bei sich zu bleiben. Doch was bedeutet das eigentlich? Es heisst, innerlich klar und pr\u00e4sent zu sein \u2013&#8230;<\/p>\n<\/div><a href=\"https:\/\/yt.arianeyoga.ch\/index.php\/2025\/05\/07\/bei-sich-bleiben-trotz-aller-umstaende\/\" class=\"more-link\">Read More<\/a><\/div><\/article><\/div><div class=\"pagination clearfix\">\n\t<div class=\"alignleft\"><a href=\"https:\/\/yt.arianeyoga.ch\/index.php\/wp-json\/wp\/v2\/pages\/4936\/page\/2\/?et_blog\" >&laquo; Older Entries<\/a><\/div>\n\t<div class=\"alignright\"><\/div>\n<\/div><\/div><\/div>\n<\/div>\n<\/div>\n<\/div>","protected":false},"excerpt":{"rendered":"","protected":false},"author":2,"featured_media":0,"parent":0,"menu_order":0,"comment_status":"closed","ping_status":"closed","template":"","meta":{"footnotes":""},"class_list":["post-4936","page","type-page","status-publish","hentry"],"_links":{"self":[{"href":"https:\/\/yt.arianeyoga.ch\/index.php\/wp-json\/wp\/v2\/pages\/4936","targetHints":{"allow":["GET"]}}],"collection":[{"href":"https:\/\/yt.arianeyoga.ch\/index.php\/wp-json\/wp\/v2\/pages"}],"about":[{"href":"https:\/\/yt.arianeyoga.ch\/index.php\/wp-json\/wp\/v2\/types\/page"}],"author":[{"embeddable":true,"href":"https:\/\/yt.arianeyoga.ch\/index.php\/wp-json\/wp\/v2\/users\/2"}],"replies":[{"embeddable":true,"href":"https:\/\/yt.arianeyoga.ch\/index.php\/wp-json\/wp\/v2\/comments?post=4936"}],"version-history":[{"count":12,"href":"https:\/\/yt.arianeyoga.ch\/index.php\/wp-json\/wp\/v2\/pages\/4936\/revisions"}],"predecessor-version":[{"id":5267,"href":"https:\/\/yt.arianeyoga.ch\/index.php\/wp-json\/wp\/v2\/pages\/4936\/revisions\/5267"}],"wp:attachment":[{"href":"https:\/\/yt.arianeyoga.ch\/index.php\/wp-json\/wp\/v2\/media?parent=4936"}],"curies":[{"name":"wp","href":"https:\/\/api.w.org\/{rel}","templated":true}]}}