{"id":4916,"date":"2026-01-12T16:36:04","date_gmt":"2026-01-12T15:36:04","guid":{"rendered":"https:\/\/yt.arianeyoga.ch\/?page_id=4916"},"modified":"2026-01-28T22:07:35","modified_gmt":"2026-01-28T21:07:35","slug":"team","status":"publish","type":"page","link":"https:\/\/yt.arianeyoga.ch\/index.php\/team\/","title":{"rendered":"Team"},"content":{"rendered":"<div class=\"et_pb_section_0 et_pb_section et_section_regular et_block_section\"><\/div>\n\n<div class=\"et_pb_section_1 et_pb_section et_section_regular et_flex_section\">\n<div class=\"et_pb_row_0 et_pb_row et_flex_row\">\n<div class=\"et_pb_column_0 et_pb_column et-last-child et_flex_column et_pb_css_mix_blend_mode_passthrough et_flex_column_24_24\">\n<div class=\"et_pb_text_0 et_pb_text et_pb_bg_layout_dark et_pb_module et_block_module\"><div class=\"et_pb_text_inner\" data-et-mv-hidden-phone=\"true\"><h1>Yotree Team<\/h1>\n<\/div><\/div>\n<\/div>\n<\/div>\n<\/div>\n\n<div class=\"et_pb_section_2 et_pb_section et_section_regular et_block_section\">\n<div class=\"et_pb_row_1 et_pb_row et_flex_row\">\n<div class=\"et_pb_column_1 et_pb_column et_flex_column et_pb_css_mix_blend_mode_passthrough et_flex_column_8_24 et_flex_column_24_24_phone\">\n<div class=\"et_pb_image_0 et_pb_image et_pb_module et_flex_module\"><span class=\"et_pb_image_wrap\"><img loading=\"lazy\" decoding=\"async\" src=\"https:\/\/yt.arianeyoga.ch\/wp-content\/uploads\/2026\/01\/Bildschirmfoto-2026-01-12-um-16.39.17-1.png\" title=\"Bildschirmfoto 2026-01-12 um 16.39.17\" width=\"280\" height=\"280\" srcset=\"https:\/\/yt.arianeyoga.ch\/wp-content\/uploads\/2026\/01\/Bildschirmfoto-2026-01-12-um-16.39.17-1.png 280w, https:\/\/yt.arianeyoga.ch\/wp-content\/uploads\/2026\/01\/Bildschirmfoto-2026-01-12-um-16.39.17-1-150x150.png 150w\" sizes=\"(max-width: 280px) 100vw, 280px\" class=\"wp-image-4931\" \/><\/span><\/div>\n\n<div class=\"et_pb_text_1 et_pb_text et_pb_bg_layout_light et_pb_module et_flex_module\"><div class=\"et_pb_text_inner\"><h4 class=\"et_pb_module_header\" data-et-vb-editable-element=\"true\" contenteditable=\"true\" style=\"text-align: center;\">CATHERINE<\/h4>\n<\/div><\/div>\n<\/div>\n\n<div class=\"et_pb_column_2 et_pb_column et_flex_column et_pb_css_mix_blend_mode_passthrough et_flex_column_8_24 et_flex_column_24_24_phone\">\n<div class=\"et_pb_image_1 et_pb_image et_pb_module et_flex_module\"><span class=\"et_pb_image_wrap\"><img loading=\"lazy\" decoding=\"async\" src=\"https:\/\/yt.arianeyoga.ch\/wp-content\/uploads\/2026\/01\/ariane-1.jpg\" title=\"ariane\" width=\"281\" height=\"281\" srcset=\"https:\/\/yt.arianeyoga.ch\/wp-content\/uploads\/2026\/01\/ariane-1.jpg 281w, https:\/\/yt.arianeyoga.ch\/wp-content\/uploads\/2026\/01\/ariane-1-150x150.jpg 150w\" sizes=\"(max-width: 281px) 100vw, 281px\" class=\"wp-image-4924\" \/><\/span><\/div>\n\n<div class=\"et_pb_text_2 et_pb_text et_pb_bg_layout_light et_pb_module et_flex_module\"><div class=\"et_pb_text_inner\"><h4 class=\"et_pb_module_header\" data-et-vb-editable-element=\"true\" contenteditable=\"true\" style=\"text-align: center;\">ARIANE<\/h4>\n<\/div><\/div>\n<\/div>\n\n<div class=\"et_pb_column_3 et_pb_column et-last-child et_flex_column et_pb_css_mix_blend_mode_passthrough et_flex_column_8_24 et_flex_column_24_24_phone\">\n<div class=\"et_pb_image_2 et_pb_image et_pb_module et_flex_module\"><span class=\"et_pb_image_wrap\"><img loading=\"lazy\" decoding=\"async\" src=\"https:\/\/yt.arianeyoga.ch\/wp-content\/uploads\/2026\/01\/Bildschirmfoto-2026-01-12-um-16.41.47.png\" title=\"Bildschirmfoto 2026-01-12 um 16.41.47\" width=\"281\" height=\"281\" srcset=\"https:\/\/yt.arianeyoga.ch\/wp-content\/uploads\/2026\/01\/Bildschirmfoto-2026-01-12-um-16.41.47.png 281w, https:\/\/yt.arianeyoga.ch\/wp-content\/uploads\/2026\/01\/Bildschirmfoto-2026-01-12-um-16.41.47-150x150.png 150w\" sizes=\"(max-width: 281px) 100vw, 281px\" class=\"wp-image-4925\" \/><\/span><\/div>\n\n<div class=\"et_pb_text_3 et_pb_text et_pb_bg_layout_light et_pb_module et_flex_module\"><div class=\"et_pb_text_inner\"><h4 class=\"et_pb_module_header\" data-et-vb-editable-element=\"true\" contenteditable=\"true\" style=\"text-align: center;\">NORA<\/h4>\n<\/div><\/div>\n<\/div>\n<\/div>\n<\/div>\n\n<div class=\"et_pb_section_3 et_pb_section et_section_regular et_flex_section\">\n<div class=\"et_pb_row_2 et_pb_row et_flex_row\">\n<div class=\"et_pb_column_4 et_pb_column et-last-child et_flex_column et_pb_css_mix_blend_mode_passthrough et_flex_column_24_24\">\n<div class=\"et_pb_divider_0 et_pb_divider et_pb_space et_pb_divider_position_top et_pb_module\"><div class=\"et_pb_divider_internal\"><\/div><\/div>\n<\/div>\n<\/div>\n<\/div>\n\n<div class=\"et_pb_section_4 et_pb_section et_section_regular et_block_section\">\n<div class=\"et_pb_row_3 et_pb_row et_flex_row\">\n<div class=\"et_pb_column_5 et_pb_column et-last-child et_flex_column et_pb_css_mix_blend_mode_passthrough et_flex_column_24_24 et_flex_column_24_24_tablet et_flex_column_24_24_phone\">\n<div class=\"et_pb_text_4 et_pb_text et_pb_bg_layout_light et_pb_module et_flex_module\"><div class=\"et_pb_text_inner\"><h4 class=\"et_pb_module_header\" data-et-vb-editable-element=\"true\" contenteditable=\"true\" style=\"text-align: center;\">\u00dcber Catherine<\/h4>\n<\/div><\/div>\n\n<div class=\"et_pb_text_5 et_pb_text et_pb_bg_layout_light et_pb_module et_flex_module\"><div class=\"et_pb_text_inner\"><p class=\"font_7 wixui-rich-text__text\"><span class=\"wixui-rich-text__text\">Catherine ist eine stolze Mom von einem bereits erwachsenen Sohn. <\/span><span class=\"wixui-rich-text__text\">2010 begann sie f\u00fcr sich pers\u00f6nlich mit Yoga und 2018 absolvierte sie bei der<span>\u00a0<\/span><a href=\"https:\/\/yoga-akademie-freiburg.de\/\" target=\"_blank\" rel=\"noreferrer noopener\" class=\"wixui-rich-text__text\">Yoga-Akademie<span>\u00a0<\/span>Freiburg<span>\u00a0<\/span><\/a>ihre Ausbildung. Darauf folgte die Weiterbildung zur Yogatherapeutin und zur Yoga und Krebs Trainerin. <\/span><span class=\"wixui-rich-text__text\">\u200b<\/span><span class=\"wixui-rich-text__text\">Gleich im Anschluss begann Catherine Yoga zu unterrichten, und freut sich jedes mal darauf, die Sch\u00f6nheit dieser Technik mit anderen zu teilen und die Yoga-Philosophie in die Welt zu tragen. <\/span><span class=\"wixui-rich-text__text\">Als Yoga-Therapeutin ist es ihr Anliegen, die Sch\u00fcler*innen dabei zu begleiten, ihr inneres Selbst und den Mut zu finden, \u00fcber sich hinaus zu wachsen. So wie beim Erlernen eines Instruments, lernt man auch beim Yoga, im Moment zu leben. Catherine hofft das die Wirkung des Yogas, ihren Sch\u00fclern*innen dieselbe Freude bereiten wird, die sie ihr bereitet.<\/span><\/p>\n<\/div><\/div>\n<\/div>\n<\/div>\n\n<div class=\"et_pb_row_4 et_pb_row et_flex_row\">\n<div class=\"et_pb_column_6 et_pb_column et-last-child et_flex_column et_pb_css_mix_blend_mode_passthrough et_flex_column_24_24 et_flex_column_24_24_tablet et_flex_column_24_24_phone\">\n<div class=\"et_pb_text_6 et_pb_text et_pb_bg_layout_light et_pb_module et_flex_module\"><div class=\"et_pb_text_inner\"><h4 class=\"et_pb_module_header\" data-et-vb-editable-element=\"true\" contenteditable=\"true\" style=\"text-align: center;\">\u00dcber Ariane<\/h4>\n<\/div><\/div>\n\n<div class=\"et_pb_text_7 et_pb_text et_pb_bg_layout_light et_pb_module et_flex_module\"><div class=\"et_pb_text_inner\"><p class=\"p1\">Wenn die Yoga-Praxis zur Einheit von K\u00f6rper, Geist und Seele wird, wenn der Atem und die Bewegung zur fliessenden Meditation werden, wir unsere innere Kraft st\u00e4rken und \u00fcber die Begrenzungen im Kopf hinaus wachsen k\u00f6nnen, dann entsteht dieses Gef\u00fchl von Vollkommenheit und innerer Freiheit, ein Gef\u00fchl, dass alles in einem selbst vorhanden ist und es an nichts fehlt. Dies motiviert mich jeden Tag die Matte auszurollen und von Herzen zu unterrichten. Mehr Infos zu Ariane findest du unter <strong><a href=\"https:\/\/arianeyoga.ch\/ariane-yoga-yogaklassen-specials-retreats-jivamukti-zuerich-jivamuktiyoga-zuerich-yoga-kreis-6-schaffhauserplatz\/\" target=\"_blank\" rel=\"noopener\">arianeyoga.ch<\/a><\/strong><\/p>\n<\/div><\/div>\n<\/div>\n<\/div>\n\n<div class=\"et_pb_row_5 et_pb_row et_flex_row\">\n<div class=\"et_pb_column_7 et_pb_column et-last-child et_flex_column et_pb_css_mix_blend_mode_passthrough et_flex_column_24_24 et_flex_column_24_24_tablet et_flex_column_24_24_phone\">\n<div class=\"et_pb_text_8 et_pb_text et_pb_bg_layout_light et_pb_module et_flex_module\"><div class=\"et_pb_text_inner\"><h4 class=\"et_pb_module_header\" data-et-vb-editable-element=\"true\" contenteditable=\"true\" style=\"text-align: center;\">\u00dcber Nora<\/h4>\n<\/div><\/div>\n\n<div class=\"et_pb_text_9 et_pb_text et_pb_bg_layout_light et_pb_module et_flex_module\"><div class=\"et_pb_text_inner\"><p><span><strong>Psychologische Beraterin &amp; Sexualberaterin<\/strong><br \/>Nora begleitet Menschen durch Zeiten, in denen das Leben schwer wiegt \u2013 sei es in Beziehungen, in der Sexualit\u00e4t oder auf der Suche nach Sinn.<\/span><\/p>\n<p>Im Zentrum ihrer Arbeit steht die \u00dcberzeugung, dass Heilung nicht durch Gespr\u00e4che allein geschieht, sondern durch ganzheitliche Erfahrungen \u2013 durch die Arbeit mit dem Nervensystem und das Vertrauen, dass der K\u00f6rper Antworten kennt, die der Kopf manchmal nicht findet. Nora nutzt ausserdem Hypnose als Br\u00fccke zum Unbewussten, und nach tantrischer Tradition begegnet sie ihren Klient*innen mit der Haltung, dass alles sein darf \u2013 ohne Wertung, ohne Eile.<\/p>\n<p>In ihrer Praxis bietet sie einen Raum, in dem alles Platz hat: Zweifel genauso wie Sehnsucht, Scham genauso wie Lust, Schweigen genauso wie Worte. Noras Haltung ist k\u00f6rperzentriert und achtsam \u2013 sie versteht den K\u00f6rper als Ort, an dem sich Lebensgeschichten einschreiben.<\/p>\n<p>Nora arbeitet mit Einzelpersonen in ihrer \u00abPraxis Du\u00bb unter dem Yotree. Mehr Infos zu Nora findest du unter <strong><a href=\"https:\/\/praxis-du.ch\/\" target=\"_blank\" rel=\"noopener\">praxis-du.ch<\/a><\/strong><\/p>\n<\/div><\/div>\n<\/div>\n<\/div>\n<\/div>\n\n<div class=\"et_pb_section_5 et_pb_section et_section_regular et_block_section\"><\/div>\n\n<div class=\"et_pb_section_6 et_pb_section et_section_regular et_block_section\">\n<div class=\"et_pb_row_6 et_pb_row et_pb_gutters3 et_block_row\">\n<div class=\"et_pb_column_8 et_pb_column et_pb_column_4_4 et-last-child et_block_column et_pb_css_mix_blend_mode_passthrough\">\n<div class=\"et_pb_text_10 et_pb_text et_pb_bg_layout_light et_pb_module et_flex_module\"><div class=\"et_pb_text_inner\"><h3>Raum mieten.<\/h3>\n<\/div><\/div>\n\n<div class=\"et_pb_text_11 et_pb_text et_pb_bg_layout_light et_pb_module et_block_module\"><div class=\"et_pb_text_inner\"><p style=\"text-align: center;\"><span>Wir bieten einen stilvollen, exklusiven Raum f\u00fcr Yoga, K\u00f6rperbewegung oder auch musikalische Events. <\/span>Die H\u00f6he des Raumes mit den Balken und den wunderbaren Morgen- und Abendstimmungen, bringen eine ganz besondere Atmosph\u00e4re in den Raum. In den Wintermonaten ist man gesch\u00fctzt und in den Sommermonaten h\u00e4lt die Klimaanlage k\u00fchl.<\/p>\n<p style=\"text-align: center;\">Der Raum kann stundenweise unter der Woche und an den Wochenenden halbtags gemietet werden. Dazu geh\u00f6ren Matten, Bl\u00f6cke, Gurten, Bolster und Decken. F\u00fcr weitere Infos und Preise kontaktiere uns direkt.<\/p>\n<\/div><\/div>\n\n<div class=\"et_pb_module et_pb_button_module_wrapper et_pb_button_0_wrapper\"><a class=\"et_pb_button_0 et_pb_button et_pb_bg_layout_dark et_pb_module et_block_module\" href=\"https:\/\/www.momoyoga.com\/arianeyoga\" target=\"_blank\">ANFRAGEN<\/a><\/div>\n<\/div>\n<\/div>\n<\/div>","protected":false},"excerpt":{"rendered":"","protected":false},"author":2,"featured_media":0,"parent":0,"menu_order":0,"comment_status":"closed","ping_status":"closed","template":"","meta":{"footnotes":""},"class_list":["post-4916","page","type-page","status-publish","hentry"],"_links":{"self":[{"href":"https:\/\/yt.arianeyoga.ch\/index.php\/wp-json\/wp\/v2\/pages\/4916","targetHints":{"allow":["GET"]}}],"collection":[{"href":"https:\/\/yt.arianeyoga.ch\/index.php\/wp-json\/wp\/v2\/pages"}],"about":[{"href":"https:\/\/yt.arianeyoga.ch\/index.php\/wp-json\/wp\/v2\/types\/page"}],"author":[{"embeddable":true,"href":"https:\/\/yt.arianeyoga.ch\/index.php\/wp-json\/wp\/v2\/users\/2"}],"replies":[{"embeddable":true,"href":"https:\/\/yt.arianeyoga.ch\/index.php\/wp-json\/wp\/v2\/comments?post=4916"}],"version-history":[{"count":28,"href":"https:\/\/yt.arianeyoga.ch\/index.php\/wp-json\/wp\/v2\/pages\/4916\/revisions"}],"predecessor-version":[{"id":5321,"href":"https:\/\/yt.arianeyoga.ch\/index.php\/wp-json\/wp\/v2\/pages\/4916\/revisions\/5321"}],"wp:attachment":[{"href":"https:\/\/yt.arianeyoga.ch\/index.php\/wp-json\/wp\/v2\/media?parent=4916"}],"curies":[{"name":"wp","href":"https:\/\/api.w.org\/{rel}","templated":true}]}}