{"id":39,"date":"2025-12-30T17:06:57","date_gmt":"2025-12-30T16:06:57","guid":{"rendered":"https:\/\/yt.arianeyoga.ch\/?page_id=39"},"modified":"2026-01-28T10:28:05","modified_gmt":"2026-01-28T09:28:05","slug":"home-yotree","status":"publish","type":"page","link":"https:\/\/yt.arianeyoga.ch\/","title":{"rendered":"Home Yotree"},"content":{"rendered":"<div class=\"et_pb_section_0 et_pb_section et_section_regular et_block_section\"><\/div>\n\n<div class=\"et_pb_section_1 et_pb_section et_section_regular et_flex_section\">\n<div class=\"et_pb_row_0 et_pb_row et_flex_row\">\n<div class=\"et_pb_column_0 et_pb_column et-last-child et_flex_column et_pb_css_mix_blend_mode_passthrough et_flex_column_24_24\">\n<div class=\"et_pb_text_0 et_pb_text et_pb_bg_layout_light et_pb_module et_flex_module\"><div class=\"et_pb_text_inner\"><h3>Willkommen im Yotree!<\/h3>\n<\/div><\/div>\n\n<div class=\"et_pb_text_1 et_pb_text et_pb_bg_layout_light et_pb_module et_flex_module\"><div class=\"et_pb_text_inner\"><h3><span>Yotree Yoga, ein kleines und authentisches Studio mit Herz \u2013 seit \u00fcber 13 Jahren mitten im Quartier 6.<\/span><\/h3>\n<\/div><\/div>\n<\/div>\n<\/div>\n<\/div>\n\n<div class=\"et_pb_section_2 et_pb_section et_section_regular et_block_section\">\n<div class=\"et_pb_row_1 et_pb_row et_pb_gutters3 et_block_row\">\n<div class=\"et_pb_column_1 et_pb_column et_pb_column_4_4 et-last-child et_block_column et_pb_css_mix_blend_mode_passthrough\">\n<div class=\"et_pb_text_2 et_pb_text et_pb_bg_layout_light et_pb_module et_block_module\"><div class=\"et_pb_text_inner\"><p class=\"p1\" style=\"text-align: center;\">Du suchst eine Schule, die nicht gehypt ist \u2013 wo es nicht um Style geht, nicht um Sport, sondern um echtes, lebendiges Yoga? Dann bist du bei uns richtig.<\/p>\n<p style=\"text-align: center;\">Uns ist besonders wichtig, dass du dich in deinem Yoga-Stil wohlf\u00fchlst und dir selbst begegnen kannst. Bei uns geht es um Achtsamkeit, Tiefe und einen liebevollen Umgang mit dem eigenen K\u00f6rper und Geist.<\/p>\n<p style=\"text-align: center;\">Lass dich von uns mit auf eine Reise nehmen \u2013 achtsam, echt und auf deine Bed\u00fcrfnisse abgestimmt.<br \/>In kleinen Gruppen unterrichten wir eine Vielfalt an Yoga-Stilen:<\/p>\n<p style=\"text-align: center;\">Hatha Yoga, Jivamukti Yoga, Yin Yoga, R\u00fccken Yoga, Medical Yoga, Pranayama, Yoga bei Krebs, Yoga Nidra und verschiedene Meditationen.<\/p>\n<\/div><\/div>\n<\/div>\n<\/div>\n<\/div>\n\n<div class=\"et_pb_section_3 et_pb_section et_section_regular et_block_section\">\n<div class=\"et_pb_row_2 et_pb_row et_pb_gutters3 et_block_row\">\n<div class=\"et_pb_column_2 et_pb_column et_pb_column_4_4 et-last-child et_block_column et_pb_css_mix_blend_mode_passthrough\">\n<div class=\"et_pb_text_3 et_pb_text et_pb_bg_layout_light et_pb_module et_flex_module\"><div class=\"et_pb_text_inner\"><h3>Yoga Klassen<\/h3>\n<\/div><\/div>\n<\/div>\n<\/div>\n\n<div class=\"et_pb_row_3 et_pb_row et_flex_row\">\n<div class=\"et_pb_column_3 et_pb_column et_flex_column et_pb_css_mix_blend_mode_passthrough et_flex_column_1_5 et_flex_column_12_24_tablet et_flex_column_24_24_phone\">\n<div class=\"et_pb_text_4 et_pb_text et_pb_bg_layout_light et_pb_module et_flex_module\"><div class=\"et_pb_text_inner\"><h4 class=\"et_pb_module_header\" data-et-vb-editable-element=\"true\" contenteditable=\"true\" style=\"text-align: center;\">MONTAG<span><span style=\"color: #486066;\"><span style=\"color: #a7c8c4;\"><strong><a href=\"https:\/\/www.momoyoga.com\/arianeyoga\/events\" target=\"_blank\" rel=\"noopener\" style=\"color: #a7c8c4;\"><\/a><\/strong><\/span><\/span><\/span><\/h4>\n<\/div><\/div>\n\n<div class=\"et_pb_text_5 et_pb_text et_pb_bg_layout_light et_clickable et_pb_module et_flex_module\"><div class=\"et_pb_text_inner\" data-et-mv-hidden-phone=\"true\"><p style=\"text-align: center;\"><span><strong>19.15 \u2013 20.15<br \/>Yin und Yang<br \/><\/strong><\/span>Catherine<span><span style=\"color: #486066;\"><span style=\"color: #a7c8c4;\"><strong><\/strong><\/span><\/span><\/span><\/p>\n<\/div><\/div>\n<\/div>\n\n<div class=\"et_pb_column_4 et_pb_column et_flex_column et_pb_css_mix_blend_mode_passthrough et_flex_column_1_5 et_flex_column_12_24_tablet et_flex_column_24_24_phone\">\n<div class=\"et_pb_text_6 et_pb_text et_pb_bg_layout_light et_pb_module et_flex_module\"><div class=\"et_pb_text_inner\"><h4 class=\"et_pb_module_header\" data-et-vb-editable-element=\"true\" contenteditable=\"true\" style=\"text-align: center;\">DIENSTAG<span><span style=\"color: #486066;\"><span style=\"color: #a7c8c4;\"><strong><a href=\"https:\/\/www.momoyoga.com\/arianeyoga\/events\" target=\"_blank\" rel=\"noopener\" style=\"color: #a7c8c4;\"><\/a><\/strong><\/span><\/span><\/span><\/h4>\n<\/div><\/div>\n\n<div class=\"et_pb_text_7 et_pb_text et_pb_bg_layout_light et_clickable et_pb_module et_flex_module\"><div class=\"et_pb_text_inner\" data-et-mv-hidden-phone=\"true\"><p style=\"text-align: center;\"><span><strong>17.30 \u2013 18.30<br \/>Asana &amp; Breath<br \/><\/strong><\/span>Ariane<\/p>\n<\/div><\/div>\n\n<div class=\"et_pb_text_8 et_pb_text et_pb_bg_layout_light et_clickable et_pb_module et_flex_module\"><div class=\"et_pb_text_inner\" data-et-mv-hidden-phone=\"true\"><p style=\"text-align: center;\"><span><strong>19.00 \u2013 20.15<\/strong><br \/><strong>Jivamukti Yoga<br \/><\/strong><\/span>Ariane<span><span style=\"color: #486066;\"><span style=\"color: #a7c8c4;\"><strong><\/strong><\/span><\/span><\/span><\/p>\n<\/div><\/div>\n<\/div>\n\n<div class=\"et_pb_column_5 et_pb_column et_flex_column et_pb_css_mix_blend_mode_passthrough et_flex_column_1_5 et_flex_column_12_24_tablet et_flex_column_24_24_phone\">\n<div class=\"et_pb_text_9 et_pb_text et_pb_bg_layout_light et_pb_module et_flex_module\"><div class=\"et_pb_text_inner\"><h4 class=\"et_pb_module_header\" data-et-vb-editable-element=\"true\" contenteditable=\"true\" style=\"text-align: center;\">MITTWOCH<span><span style=\"color: #486066;\"><span style=\"color: #a7c8c4;\"><strong><a href=\"https:\/\/www.momoyoga.com\/arianeyoga\/events\" target=\"_blank\" rel=\"noopener\" style=\"color: #a7c8c4;\"><\/a><\/strong><\/span><\/span><\/span><\/h4>\n<\/div><\/div>\n\n<div class=\"et_pb_text_10 et_pb_text et_pb_bg_layout_light et_clickable et_pb_module et_flex_module\"><div class=\"et_pb_text_inner\" data-et-mv-hidden-phone=\"true\"><p style=\"text-align: center;\"><span><strong>18.15 \u2013 19.15<br \/>Hatha Yoga<br \/><\/strong><\/span>Catherine<span><span style=\"color: #486066;\"><span style=\"color: #a7c8c4;\"><strong><\/strong><\/span><\/span><\/span><\/p>\n<\/div><\/div>\n\n<div class=\"et_pb_text_11 et_pb_text et_pb_bg_layout_light et_clickable et_pb_module et_flex_module\"><div class=\"et_pb_text_inner\" data-et-mv-hidden-phone=\"true\"><p style=\"text-align: center;\"><span><strong>19.30 \u2013 20.30<br \/>Yin und Yang<br \/><\/strong><\/span>Catherine<span><span style=\"color: #486066;\"><span style=\"color: #a7c8c4;\"><strong><\/strong><\/span><\/span><\/span><\/p>\n<\/div><\/div>\n<\/div>\n\n<div class=\"et_pb_column_6 et_pb_column et_flex_column et_pb_css_mix_blend_mode_passthrough et_flex_column_1_5 et_flex_column_12_24_tablet et_flex_column_24_24_phone\">\n<div class=\"et_pb_text_12 et_pb_text et_pb_bg_layout_light et_pb_module et_flex_module\"><div class=\"et_pb_text_inner\"><h4 class=\"et_pb_module_header\" data-et-vb-editable-element=\"true\" contenteditable=\"true\" style=\"text-align: center;\">DONNERSTAG<span><span style=\"color: #486066;\"><span style=\"color: #a7c8c4;\"><strong><a href=\"https:\/\/www.momoyoga.com\/arianeyoga\/events\" target=\"_blank\" rel=\"noopener\" style=\"color: #a7c8c4;\"><\/a><\/strong><\/span><\/span><\/span><\/h4>\n<\/div><\/div>\n\n<div class=\"et_pb_text_13 et_pb_text et_pb_bg_layout_light et_clickable et_pb_module et_flex_module\"><div class=\"et_pb_text_inner\" data-et-mv-hidden-phone=\"true\"><p style=\"text-align: center;\"><span><strong>12.30 \u2013 13.30<br \/>Sanftes Yoga<br \/><\/strong>Catherine<\/span><\/p>\n<\/div><\/div>\n\n<div class=\"et_pb_text_14 et_pb_text et_pb_bg_layout_light et_clickable et_pb_module et_flex_module\"><div class=\"et_pb_text_inner\" data-et-mv-hidden-phone=\"true\"><p style=\"text-align: center;\"><span><strong>18.30 \u2013 19.45<\/strong><br \/><strong>Jivamukti Yoga<br \/><\/strong><\/span>Ariane<span><span style=\"color: #486066;\"><span style=\"color: #a7c8c4;\"><strong><\/strong><\/span><\/span><\/span><\/p>\n<\/div><\/div>\n<\/div>\n\n<div class=\"et_pb_column_7 et_pb_column et-last-child et_flex_column et_pb_css_mix_blend_mode_passthrough et_flex_column_1_5 et_flex_column_12_24_tablet et_flex_column_24_24_phone\">\n<div class=\"et_pb_text_15 et_pb_text et_pb_bg_layout_light et_pb_module et_flex_module\"><div class=\"et_pb_text_inner\"><h4 class=\"et_pb_module_header\" data-et-vb-editable-element=\"true\" contenteditable=\"true\" style=\"text-align: center;\">SAMSTAG<\/h4>\n<\/div><\/div>\n\n<div class=\"et_pb_text_16 et_pb_text et_pb_bg_layout_light et_clickable et_pb_module et_flex_module\"><div class=\"et_pb_text_inner\" data-et-mv-hidden-phone=\"true\"><p style=\"text-align: center;\"><span><strong>09.30 \u2013 11.00<\/strong><br \/><strong>Jivamukti Yoga<br \/><\/strong><\/span>Ariane<\/p>\n<\/div><\/div>\n<\/div>\n<\/div>\n\n<div class=\"et_pb_row_4 et_pb_row et_flex_row\">\n<div class=\"et_pb_column_8 et_pb_column et-last-child et_flex_column et_pb_css_mix_blend_mode_passthrough et_flex_column_24_24\">\n<div class=\"et_pb_module et_pb_button_module_wrapper et_pb_button_0_wrapper\"><a class=\"et_pb_button_0 et_pb_button et_pb_bg_layout_dark et_pb_module et_block_module\" href=\"https:\/\/yt.arianeyoga.ch\/index.php\/yoga-klassen\/\" target=\"_blank\">HIER BUCHEN ODER DIREKT AUF KLASSE KLICKEN<\/a><\/div>\n<\/div>\n<\/div>\n<\/div>\n\n<div class=\"et_pb_section_4 et_pb_section et_section_regular et_block_section\"><\/div>\n\n<div class=\"et_pb_section_5 et_pb_section et_section_regular et_flex_section\">\n<div class=\"et_pb_row_5 et_pb_row et_flex_row\">\n<div class=\"et_pb_column_9 et_pb_column et-last-child et_flex_column et_pb_css_mix_blend_mode_passthrough et_flex_column_24_24\">\n<div class=\"et_pb_text_17 et_pb_text et_pb_bg_layout_light et_pb_module et_flex_module\"><div class=\"et_pb_text_inner\"><h3>\u00abYogas citta vritti nirodhah\u00bb<\/h3>\n<\/div><\/div>\n\n<div class=\"et_pb_text_18 et_pb_text et_pb_bg_layout_light et_pb_module et_flex_module\"><div class=\"et_pb_text_inner\"><h3 style=\"text-align: center;\"><span>Yoga is the cessation of the fluctuations of the mind.<br \/>Patanjali Yoga Sutra 1.2<br \/><\/span><\/h3>\n<\/div><\/div>\n<\/div>\n<\/div>\n<\/div>\n\n<div class=\"et_pb_section_6 et_pb_section et_section_regular et_block_section\">\n<div class=\"et_pb_row_6 et_pb_row et_pb_gutters3 et_block_row\">\n<div class=\"et_pb_column_10 et_pb_column et_pb_column_4_4 et-last-child et_block_column et_pb_css_mix_blend_mode_passthrough\">\n<div class=\"et_pb_text_19 et_pb_text et_pb_bg_layout_light et_pb_module et_flex_module\"><div class=\"et_pb_text_inner\"><h3>Raum mieten.<\/h3>\n<\/div><\/div>\n\n<div class=\"et_pb_text_20 et_pb_text et_pb_bg_layout_light et_pb_module et_block_module\"><div class=\"et_pb_text_inner\"><p style=\"text-align: center;\"><span>Wir bieten einen stilvollen, exklusiven Raum f\u00fcr Yoga, K\u00f6rperbewegung oder auch musikalische Events. <\/span>Die H\u00f6he des Raumes mit den Balken und den wunderbaren Morgen- und Abendstimmungen, bringen eine ganz besondere Atmosph\u00e4re in den Raum.<\/p>\n<p style=\"text-align: center;\">Der Raum kann stundenweise unter der Woche und an den Wochenenden halbtags oder ganztags gemietet werden. Dazu geh\u00f6ren Matten, Bl\u00f6cke, Gurten, Bolster und Decken. F\u00fcr weitere Infos und Preise kontaktiere uns direkt.<\/p>\n<\/div><\/div>\n\n<div class=\"et_pb_module et_pb_button_module_wrapper et_pb_button_1_wrapper\"><a class=\"et_pb_button_1 et_pb_button et_pb_bg_layout_dark et_pb_module et_block_module\" href=\"https:\/\/yt.arianeyoga.ch\/index.php\/kontakt\/\" target=\"_blank\">ANFRAGEN<\/a><\/div>\n<\/div>\n<\/div>\n<\/div>","protected":false},"excerpt":{"rendered":"","protected":false},"author":2,"featured_media":0,"parent":0,"menu_order":0,"comment_status":"closed","ping_status":"closed","template":"","meta":{"footnotes":""},"class_list":["post-39","page","type-page","status-publish","hentry"],"_links":{"self":[{"href":"https:\/\/yt.arianeyoga.ch\/index.php\/wp-json\/wp\/v2\/pages\/39","targetHints":{"allow":["GET"]}}],"collection":[{"href":"https:\/\/yt.arianeyoga.ch\/index.php\/wp-json\/wp\/v2\/pages"}],"about":[{"href":"https:\/\/yt.arianeyoga.ch\/index.php\/wp-json\/wp\/v2\/types\/page"}],"author":[{"embeddable":true,"href":"https:\/\/yt.arianeyoga.ch\/index.php\/wp-json\/wp\/v2\/users\/2"}],"replies":[{"embeddable":true,"href":"https:\/\/yt.arianeyoga.ch\/index.php\/wp-json\/wp\/v2\/comments?post=39"}],"version-history":[{"count":100,"href":"https:\/\/yt.arianeyoga.ch\/index.php\/wp-json\/wp\/v2\/pages\/39\/revisions"}],"predecessor-version":[{"id":5273,"href":"https:\/\/yt.arianeyoga.ch\/index.php\/wp-json\/wp\/v2\/pages\/39\/revisions\/5273"}],"wp:attachment":[{"href":"https:\/\/yt.arianeyoga.ch\/index.php\/wp-json\/wp\/v2\/media?parent=39"}],"curies":[{"name":"wp","href":"https:\/\/api.w.org\/{rel}","templated":true}]}}